{"id":458,"date":"2014-12-01T14:00:25","date_gmt":"2014-12-01T13:00:25","guid":{"rendered":"http:\/\/www.marionetrenaud.fr\/tdm\/?page_id=458"},"modified":"2016-10-10T07:49:18","modified_gmt":"2016-10-10T05:49:18","slug":"videos","status":"publish","type":"page","link":"https:\/\/www.marionetrenaud.fr\/tdm\/galerie\/videos\/","title":{"rendered":"Vid\u00e9os"},"content":{"rendered":"<p>Retrouvez ici l&rsquo;ensemble de nos vid\u00e9os r\u00e9alis\u00e9es.<\/p>\n<p>Du menu d\u00e9roulant, en haut \u00e0 gauche de la vid\u00e9o, vous pouvez acc\u00e9der aux autres vid\u00e9os r\u00e9alis\u00e9es.<\/p>\n<p><span class=\"embed-youtube\" style=\"text-align:center; display: block;\"><iframe class='youtube-player' type='text\/html' width='640' height='360' src='https:\/\/www.youtube.com\/embed\/videoseries?list=PLPdjoZ7pTTtcH4qH23TilgaW_WKVcI7ft&#038;hl=en_US' allowfullscreen='true' style='border:0;'><\/iframe><\/span><\/p>\n","protected":false},"excerpt":{"rendered":"<p>Retrouvez ici l&rsquo;ensemble de nos vid\u00e9os r\u00e9alis\u00e9es. Du menu d\u00e9roulant, en haut \u00e0 gauche de la vid\u00e9o, vous pouvez acc\u00e9der aux autres vid\u00e9os r\u00e9alis\u00e9es.<\/p>\n","protected":false},"author":1,"featured_media":0,"parent":519,"menu_order":0,"comment_status":"open","ping_status":"closed","template":"","meta":{"sharing_disabled":false,"switch_like_status":false,"spay_email":""},"_links":{"self":[{"href":"https:\/\/www.marionetrenaud.fr\/tdm\/wp-json\/wp\/v2\/pages\/458"}],"collection":[{"href":"https:\/\/www.marionetrenaud.fr\/tdm\/wp-json\/wp\/v2\/pages"}],"about":[{"href":"https:\/\/www.marionetrenaud.fr\/tdm\/wp-json\/wp\/v2\/types\/page"}],"author":[{"embeddable":true,"href":"https:\/\/www.marionetrenaud.fr\/tdm\/wp-json\/wp\/v2\/users\/1"}],"replies":[{"embeddable":true,"href":"https:\/\/www.marionetrenaud.fr\/tdm\/wp-json\/wp\/v2\/comments?post=458"}],"version-history":[{"count":37,"href":"https:\/\/www.marionetrenaud.fr\/tdm\/wp-json\/wp\/v2\/pages\/458\/revisions"}],"predecessor-version":[{"id":3767,"href":"https:\/\/www.marionetrenaud.fr\/tdm\/wp-json\/wp\/v2\/pages\/458\/revisions\/3767"}],"up":[{"embeddable":true,"href":"https:\/\/www.marionetrenaud.fr\/tdm\/wp-json\/wp\/v2\/pages\/519"}],"wp:attachment":[{"href":"https:\/\/www.marionetrenaud.fr\/tdm\/wp-json\/wp\/v2\/media?parent=458"}],"curies":[{"name":"wp","href":"https:\/\/api.w.org\/{rel}","templated":true}]}}